{"id":1131,"date":"2024-06-24T12:55:10","date_gmt":"2024-06-24T10:55:10","guid":{"rendered":"https:\/\/datconsultancy.eu\/serviciile-noastre\/analize-disc\/"},"modified":"2024-10-10T10:21:25","modified_gmt":"2024-10-10T08:21:25","slug":"analize-disc","status":"publish","type":"page","link":"https:\/\/datconsultancy.eu\/ro\/serviciile-noastre\/analize-disc\/","title":{"rendered":"Analize DISC"},"content":{"rendered":"<div class=\"fusion-fullwidth fullwidth-box fusion-builder-row-1 fusion-flex-container nonhundred-percent-fullwidth non-hundred-percent-height-scrolling\" style=\"--awb-border-radius-top-left:0px;--awb-border-radius-top-right:0px;--awb-border-radius-bottom-right:0px;--awb-border-radius-bottom-left:0px;--awb-flex-wrap:wrap;\" ><div class=\"fusion-builder-row fusion-row fusion-flex-align-items-flex-start fusion-flex-content-wrap\" style=\"max-width:1248px;margin-left: calc(-4% \/ 2 );margin-right: calc(-4% \/ 2 );\"><div class=\"fusion-layout-column fusion_builder_column fusion-builder-column-0 fusion_builder_column_1_1 1_1 fusion-flex-column\" style=\"--awb-bg-size:cover;--awb-width-large:100%;--awb-margin-top-large:0px;--awb-spacing-right-large:1.92%;--awb-margin-bottom-large:0px;--awb-spacing-left-large:1.92%;--awb-width-medium:100%;--awb-spacing-right-medium:1.92%;--awb-spacing-left-medium:1.92%;--awb-width-small:100%;--awb-spacing-right-small:1.92%;--awb-spacing-left-small:1.92%;\"><div class=\"fusion-column-wrapper fusion-flex-justify-content-flex-start fusion-content-layout-column\"><div class=\"fusion-text fusion-text-1\"><div class=\"fusion-post-title-meta-wrap\">\n<h1 class=\"entry-title fusion-post-title\" style=\"text-align: center;\">Dezvoltarea echipei \u0219i dinamica de grup<\/h1>\n<\/div>\n<div class=\"post-content\">\n<div class=\"fusion-fullwidth fullwidth-box fusion-builder-row-1 fusion-flex-container nonhundred-percent-fullwidth non-hundred-percent-height-scrolling\">\n<div class=\"fusion-builder-row fusion-row fusion-flex-align-items-flex-start fusion-flex-content-wrap\">\n<div class=\"fusion-layout-column fusion_builder_column fusion-builder-column-0 fusion_builder_column_1_1 1_1 fusion-flex-column\">\n<div class=\"fusion-column-wrapper fusion-flex-justify-content-flex-start fusion-content-layout-column\">\n<div class=\"fusion-text fusion-text-1\">\n<p><strong>O privire asupra stilurilor DISC  <\/strong><\/p>\n<p>Succesul unei echipe depinde nu numai de abilit\u0103\u021bile individuale ale membrilor echipei, ci \u0219i de modul \u00een care ace\u0219tia lucreaz\u0103 \u00eempreun\u0103 ca un \u00eentreg. Pentru a \u00een\u021belege acest lucru, analiz\u0103m dou\u0103 modele utilizate \u00een mod obi\u0219nuit \u00een dezvoltarea echipelor: etapele de dezvoltare a echipei lui Tuckman \u0219i stilurile DISC. \u0218i sunt bucuros s\u0103 explic ambele modele.<\/p>\n<p>\u00cen 1965, Bruce Tuckman a introdus modelul s\u0103u de dezvoltare a echipelor, care ini\u021bial era format din patru etape: Formare, furtun\u0103, normalizare \u0219i performan\u021b\u0103. \u00cen 1977, a fost ad\u0103ugat\u0103 a cincea faz\u0103, Adjourning. Modelul descrie diferitele etape prin care trece o echip\u0103 pe m\u0103sur\u0103 ce lucreaz\u0103 \u00eempreun\u0103 \u0219i se dezvolt\u0103 ca echip\u0103.<\/p>\n<p><strong>Formarea:<\/strong> \u00een aceast\u0103 faz\u0103 ini\u021bial\u0103, membrii echipei se reunesc \u0219i ajung s\u0103 se cunoasc\u0103 reciproc. Exist\u0103 adesea un sentiment de entuziasm, dar \u0219i de incertitudine. Membrii echipei caut\u0103 o direc\u021bie.<\/p>\n<p><strong>Furtun\u0103:<\/strong> Pe m\u0103sur\u0103 ce membrii echipei se familiarizeaz\u0103 unii cu al\u021bii, pot ap\u0103rea conflicte legate de roluri, responsabilit\u0103\u021bi \u0219i obiective. Aceasta este o faz\u0103 crucial\u0103 \u00een care echipa trebuie s\u0103 \u00eenve\u021be s\u0103 gestioneze aceste conflicte \u0219i s\u0103 le rezolve \u00een mod constructiv.<\/p>\n<p><strong>Norming:<\/strong> \u00cen aceast\u0103 faz\u0103, membrii echipei \u00eencep s\u0103 lucreze \u00eempreun\u0103 \u0219i s\u0103 accepte rolul fiec\u0103ruia \u00een cadrul echipei. Apar standarde \u0219i a\u0219tept\u0103ri care formeaz\u0103 baza unei colabor\u0103ri eficiente.<\/p>\n<p><strong>Performan\u021b\u0103<\/strong>: Odat\u0103 ce echipa a stabilit standardele \u0219i rolurile sunt \u00eemp\u0103r\u021bite, ea se poate concentra pe atingerea obiectivelor sale. \u00cen aceast\u0103 faz\u0103, membrii echipei lucreaz\u0103 bine \u00eempreun\u0103 \u0219i scot ce e mai bun din fiecare pentru a ob\u021bine succesul.<\/p>\n<p><strong>Suspendarea<\/strong>: Aceast\u0103 faz\u0103 este cunoscut\u0103 \u0219i sub numele de &#8222;faza de \u00eenchidere&#8221;. Aceast\u0103 faz\u0103 are loc atunci c\u00e2nd echipa \u0219i-a atins obiectivele sau c\u00e2nd un proiect se apropie de sf\u00e2r\u0219it. \u00cen faza de \u00eencheiere, echipa se confrunt\u0103 cu provocarea de a \u00eencheia dinamica grupului \u0219i de a se preg\u0103ti pentru destr\u0103marea echipei.<\/p>\n<p>Pe l\u00e2ng\u0103 \u00een\u021belegerea etapelor de dezvoltare a unei echipe, este important s\u0103 se ia \u00een considerare \u0219i personalit\u0103\u021bile individuale ale membrilor echipei. Care este comportamentul \u0219i comunicarea preferat\u0103 a fiec\u0103rui membru al echipei? \u0218i cum afecteaz\u0103 acest lucru diferitele faze ale lui Tuckman?<\/p>\n<p>Analiza de personalitate DISC este un instrument care m\u0103soar\u0103 diverse motiva\u021bii psihologice ale comportamentului uman. Aceasta cartografiaz\u0103 realitatea adesea complex\u0103 a oamenilor \u0219i a comportamentului lor \u00eentr-un mod clar \u0219i u\u0219or de \u00een\u021beles. De exemplu, de ce unii oameni se opun schimb\u0103rii, \u00een timp ce al\u021bii o caut\u0103? De ce anumi\u021bi oameni preiau \u00eentotdeauna conducerea, iar al\u021bii prefer\u0103 s\u0103 urmeze? Sau de ce unii oameni sunt at\u00e2t de flexibili, iar al\u021bii sunt ata\u0219a\u021bi de proceduri? DISC ofer\u0103 o perspectiv\u0103 asupra motivelor pentru care facem ceea ce facem.<\/p>\n<p>DISC a fost dezvoltat \u00een urm\u0103 cu peste 90 de ani de psihologul William Marston de la Harvard Medical School \u0219i se bazeaz\u0103 pe lucrarea sa &#8222;The Emotions of Normal People&#8221;. De atunci, DISC a fost dezvoltat \u00een continuare \u0219i a devenit un instrument psihometric comportamental calitativ foarte bine realizat \u0219i precis.<\/p>\n<p>Analiza de personalitate DISC este prezentat\u0103 \u00een trei diagrame. Fiecare grafic reprezint\u0103 un aspect comportamental diferit al persoanei:<\/p>\n<ul>\n<li>Cum se vede cineva pe sine.<\/li>\n<li>Modul \u00een care o persoan\u0103 ac\u021bioneaz\u0103 sub presiune \u0219i \u00een situa\u021bii stresante.<\/li>\n<li>Modul \u00een care o persoan\u0103 ac\u021bioneaz\u0103 \u00een mediul \u00eenconjur\u0103tor \u0219i se adapteaz\u0103 la acesta.<\/li>\n<\/ul>\n<p>Graficele pot fi diferite unele de altele. \u00cen aceste diferen\u021be, sunt vizibile schimb\u0103rile de comportament \u0219i de nevoi \u0219i vedem dac\u0103 \u0219i cum sunt folosite capacit\u0103\u021bile \u0219i talentele. Interpretarea corect\u0103 \u0219i abil\u0103 a graficelor este u\u0219or de \u00eenv\u0103\u021bat \u0219i confer\u0103 instrumentului o valoare ad\u0103ugat\u0103 absolut\u0103.<\/p>\n<\/div>\n<\/div>\n<\/div>\n<\/div>\n<\/div>\n<div class=\"fusion-fullwidth fullwidth-box fusion-builder-row-2 fusion-flex-container has-pattern-background has-mask-background nonhundred-percent-fullwidth non-hundred-percent-height-scrolling\">\n<div class=\"fusion-builder-row fusion-row fusion-flex-align-items-flex-start fusion-flex-content-wrap\">\n<div class=\"fusion-layout-column fusion_builder_column fusion-builder-column-1 fusion_builder_column_1_1 1_1 fusion-flex-column\">\n<div class=\"fusion-column-wrapper fusion-column-has-shadow fusion-flex-justify-content-flex-start fusion-content-layout-column\">\n<div class=\"fusion-title title fusion-title-1 fusion-sep-none fusion-title-text fusion-title-size-one\">\n<h4><span style=\"text-decoration: underline;\"><strong>DISC: <\/strong><strong>Cele patru stiluri principale<\/strong><\/span><\/h4>\n<\/div>\n<\/div>\n<\/div>\n<\/div>\n<\/div>\n<div class=\"fusion-fullwidth fullwidth-box fusion-builder-row-3 has-pattern-background has-mask-background nonhundred-percent-fullwidth non-hundred-percent-height-scrolling fusion-equal-height-columns\">\n<div class=\"fusion-builder-row fusion-row\">\n<div class=\"fusion-layout-column fusion_builder_column fusion-builder-column-2 fusion_builder_column_1_2 1_2 fusion-one-half fusion-column-first\" data-scroll-devices=\"small-visibility,medium-visibility,large-visibility\">\n<div class=\"fusion-column-wrapper fusion-column-has-shadow fusion-flex-column-wrapper-legacy\">\n<div class=\"fusion-title title fusion-title-2 fusion-sep-none fusion-title-text fusion-title-size-one\">\n<h1 class=\"fusion-title-heading title-heading-left\"><strong>Stil D:<\/strong><\/h1>\n<\/div>\n<div class=\"fusion-text fusion-text-2\">\n<p>ar dori s\u0103 fie abordat DIRECT. Ace\u0219tia doresc s\u0103 aud\u0103 beneficiile \u0219i rezultatele esen\u021biale \u0219i detaliile doar atunci c\u00e2nd este necesar. Mai presus de toate, ei pun \u00eentreb\u0103ri legate de CE. Ace\u0219tia caut\u0103 OBIECTIVE, CONTROL \u0219i EXPERIEN\u021a\u0102. Ei vor s\u0103 conduc\u0103 \u0219i le place s\u0103 stabileasc\u0103 cursul ac\u021biunii.<\/p>\n<\/div>\n<div class=\"fusion-clearfix\"><\/div>\n<\/div>\n<\/div>\n<div class=\"fusion-layout-column fusion_builder_column fusion-builder-column-3 fusion_builder_column_1_2 1_2 fusion-one-half fusion-column-last\" data-scroll-devices=\"small-visibility,medium-visibility,large-visibility\">\n<div class=\"fusion-column-wrapper fusion-column-has-shadow fusion-flex-column-wrapper-legacy\">\n<div class=\"fusion-title title fusion-title-3 fusion-sep-none fusion-title-text fusion-title-size-one\">\n<h1 class=\"fusion-title-heading title-heading-left\"><strong>I-Style:<\/strong><\/h1>\n<\/div>\n<div class=\"fusion-text fusion-text-3\">\n<p>ar dori s\u0103 fie abordat\u0103 POSITIV. Ei alearg\u0103 mai repede datorit\u0103 COMPLIMENTELOR, RECUNOA\u0218TERII PUBLICE, pl\u0103cerii, manifest\u0103rilor de sentimente \u0219i entuziasm. Ei pun \u00eentreb\u0103ri OMS \u0219i cunosc o mul\u021bime de oameni. Au o mul\u021bime de idei \u0219i sim\u021bul umorului. Comunic\u0103 cel mai bine.<\/p>\n<\/div>\n<div class=\"fusion-clearfix\"><\/div>\n<\/div>\n<\/div>\n<div class=\"fusion-layout-column fusion_builder_column fusion-builder-column-4 fusion_builder_column_1_2 1_2 fusion-one-half fusion-column-first\" data-scroll-devices=\"small-visibility,medium-visibility,large-visibility\">\n<div class=\"fusion-column-wrapper fusion-column-has-shadow fusion-flex-column-wrapper-legacy\">\n<div class=\"fusion-title title fusion-title-4 fusion-sep-none fusion-title-text fusion-title-size-one\">\n<h1 class=\"fusion-title-heading title-heading-left\"><strong>Stil S:<\/strong><\/h1>\n<\/div>\n<div class=\"fusion-text fusion-text-4\">\n<p>ar dori s\u0103 fie abordat \u00een mod RELATIV. Sunt prieteno\u0219i \u0219i prieteno\u0219i. Ei pun \u00eentreb\u0103ri CUM \u0219i au nevoie de timp pentru a se obi\u0219nui cu calm cu schimb\u0103rile \u0219i ideile noi. Le place s\u0103 lucreze ceva \u0219i s\u0103 fie SERIO\u0218I.<\/p>\n<\/div>\n<div class=\"fusion-clearfix\"><\/div>\n<\/div>\n<\/div>\n<div class=\"fusion-layout-column fusion_builder_column fusion-builder-column-5 fusion_builder_column_1_2 1_2 fusion-one-half fusion-column-last\" data-scroll-devices=\"small-visibility,medium-visibility,large-visibility\">\n<div class=\"fusion-column-wrapper fusion-column-has-shadow fusion-flex-column-wrapper-legacy\">\n<div class=\"fusion-title title fusion-title-5 fusion-sep-none fusion-title-text fusion-title-size-one\">\n<h1 class=\"fusion-title-heading title-heading-left\"><strong>Stil C:  <\/strong><\/h1>\n<\/div>\n<div class=\"fusion-text fusion-text-5\">\n<p>ar dori o abordare ANALITIC\u0102 a lucrurilor. Ace\u0219tia caut\u0103 OBIECTIVITATEA, FAPTELE, CALITATEA \u0219i rigurozitatea, f\u0103r\u0103 a fi gr\u0103bi\u021bi. Ace\u0219tia pun \u00eentreb\u0103ri de tipul &#8222;DE CE&#8221; \u0219i folosesc logica ca norm\u0103. Ei nu cedeaz\u0103 \u00een fa\u021ba niciunei emo\u021bii \u0219i merg pe calea cea mai bun\u0103.<\/p>\n<\/div>\n<div class=\"fusion-clearfix\"><\/div>\n<\/div>\n<\/div>\n<\/div>\n<\/div>\n<div class=\"fusion-fullwidth fullwidth-box fusion-builder-row-4 fusion-flex-container has-pattern-background has-mask-background nonhundred-percent-fullwidth non-hundred-percent-height-scrolling\">\n<div class=\"fusion-builder-row fusion-row fusion-flex-align-items-flex-start fusion-flex-content-wrap\">\n<div class=\"fusion-layout-column fusion_builder_column fusion-builder-column-6 fusion_builder_column_1_1 1_1 fusion-flex-column\">\n<div class=\"fusion-column-wrapper fusion-column-has-shadow fusion-flex-justify-content-flex-start fusion-content-layout-column\">\n<div class=\"fusion-text fusion-text-6\">\n<p><strong><em>Vedem cele patru stiluri de baz\u0103 la fiecare persoan\u0103, \u00eentr-o m\u0103sur\u0103 mai mare sau mai mic\u0103. Adesea, adopt\u0103m stiluri diferite \u00een contexte diferite.<\/em><\/strong><\/p>\n<p>Prin \u00een\u021belegerea stilurilor DISC ale fiec\u0103ruia, membrii echipei pot promova o comunicare \u0219i o colaborare mai eficiente. Atunci c\u00e2nd situa\u021bia o impune, ace\u0219tia \u00ee\u0219i pot adapta comportamentul \u0219i stilul de comunicare la nevoile fiec\u0103rui membru al echipei. \u0218efii de echip\u0103 pot atribui sarcini pe baza calit\u0103\u021bilor individuale.<\/p>\n<\/div>\n<\/div>\n<\/div>\n<\/div>\n<\/div>\n<\/div>\n<h2>Toate stilurile au nevoie de complimente!<\/h2>\n<div class=\"reading-box-description fusion-reading-box-additional\">Asigura\u021bi-v\u0103 c\u0103 le transmite\u021bi cu regularitate \u0219i c\u0103 le transmite\u021bi \u00een mod specific ceea ce fac ei bine (prinde\u021bi pe cineva care face ceva bine). Fiecare stil DISC dore\u0219te s\u0103 observe \u0219i s\u0103 simt\u0103 c\u0103 este important \u0219i c\u0103 reprezint\u0103 o parte valoroas\u0103 a succesului colectiv.<\/div>\n<div><\/div>\n<div>\n<h2>Aprofundarea stilurilor de g\u00e2ndire \u0219i a motoarelor de g\u00e2ndire:<\/h2>\n<\/div>\n<div>\n<p><strong>Stilurile de g\u00e2ndire<\/strong> ofer\u0103 o perspectiv\u0103 asupra modului \u00een care v\u0103 g\u00e2ndi\u021bi \u0219i aborda\u021bi sarcinile \u0219i temele. Ofer\u0103 cuvinte rolului pe care \u00eel preiei cel mai u\u0219or, de exemplu, \u00eentr-o echip\u0103. Au fost definite cinci stiluri de g\u00e2ndire, fiecare dintre acestea fiind activ \u00eentr-o m\u0103sur\u0103 mai mare sau mai mic\u0103. Cu c\u00e2t mai multe sarcini pe care le pute\u021bi face \u0219i care se aliniaz\u0103 cu modul dumneavoastr\u0103 de g\u00e2ndire, cu at\u00e2t mai mult v\u0103 va pl\u0103cea munca dumneavoastr\u0103. \u0218i&#8230; devii din ce \u00een ce mai bun, pe m\u0103sur\u0103 ce cre\u0219te experien\u021ba.<\/p>\n<p>Iar acest &#8222;pachet&#8221; este alimentat, condus de convingeri puternic \u00eenr\u0103d\u0103cinate sau de <strong>conduc\u0103torii<\/strong> t\u0103i.<br \/>\nDe multe ori nu sunte\u021bi at\u00e2t de con\u0219tien\u021bi de aceste convingeri, dar le sim\u021bi\u021bi. Cu to\u021bii avem patru motoare \u00een noi. \u0218i noi to\u021bi, la fel ca DISC, punem accente \u0219i accente diferite. Drives ne ofer\u0103 o perspectiv\u0103 asupra motiva\u021biei noastre interioare sau exterioare \u0219i dac\u0103 punem pre\u021b pe ob\u021binerea de rezultate personale sau mai degrab\u0103 pe ob\u021binerea de rezultate \u00een echip\u0103.<\/p>\n<p>Cu DISC, pute\u021bi \u00eenv\u0103\u021ba s\u0103 vorbi\u021bi limbajul comportamental al celuilalt, cu siguran\u021b\u0103! Cu Stilurile de g\u00e2ndire, \u0219ti\u021bi cum filtreaz\u0103 cineva informa\u021biile \u0219i cum ajunge la ac\u021biune. Conducerile indic\u0103 modul \u00een care ne place s\u0103 lucr\u0103m. Poate c\u0103 a\u021bi putea interpreta acest lucru cu accentul din limba DISC.<\/p>\n<\/div>\n<p><strong>Care sunt costurile diferitelor analize:<\/strong><\/p>\n<p><span data-contrast=\"auto\">Oferim o analiz\u0103 de baz\u0103 obi\u0219nuit\u0103 pentru 50 de euro,  <\/span><span data-contrast=\"auto\">-. Ve\u021bi primi raportul de analiz\u0103 de baz\u0103 \u00een format digital. Dac\u0103 dori\u021bi un raport de lux pe h\u00e2rtie, pre\u021bul este de 55 \u20ac.<\/span><\/p>\n<p><span data-contrast=\"auto\">Oferim analiza DISC pentru Leadership pentru 55 de euro. Raportul va fi trimis \u00een format digital. A\u021bi prefera atunci raportul pe h\u00e2rtie<\/span><span data-contrast=\"auto\">  pre\u021bul este de 60 de euro. Ve\u021bi primi apoi raportul de lux.<\/span><\/p>\n<p><span data-contrast=\"auto\">O analiz\u0103 DISC pentru v\u00e2nz\u0103ri cost\u0103 57,50 euro. Raportul va fi trimis \u00een format digital. Dac\u0103 dori\u021bi un raport de lux pe h\u00e2rtie, pre\u021bul este de 62,50 euro.<\/span><\/p>\n<p><span data-contrast=\"auto\">Analiza 2D (DISC + Stiluri de g\u00e2ndire \/ DISC + Drives) este disponibil\u0103 la pre\u021bul de 77,50 euro, inclusiv raportul de lux.<\/span><\/p>\n<p><span data-contrast=\"auto\">The<\/span><span data-contrast=\"auto\"> Analiza 3D (DISC + Stiluri de g\u00e2ndire<\/span><span data-contrast=\"auto\"> + Drives) v\u0103 va costa 99 de euro, inclusiv raportul de lux.<\/span><\/p>\n<p><span style=\"color: #999999;\"><em>Toate pre\u021burile men\u021bionate nu includ TVA.<\/em><\/span><\/p>\n<p>Noi opt\u0103m pentru un feedback calitativ. Prin urmare, aplic\u0103m, de asemenea, urm\u0103torul principiu: to\u021bi cei care particip\u0103 la o analiz\u0103 au dreptul la un feedback cu privire la rezultat, pentru ca acesta s\u0103 fie eficient. Ne place s\u0103 facem acest lucru \u00een persoan\u0103 \u0219i nu prin intermediul unui mediu digital, pentru c\u0103 atunci pierdem uneori esen\u021ba \u0219i profunzimea. Excep\u021bie poate face analiza de baz\u0103. Vom fi bucuro\u0219i s\u0103 discut\u0103m cu dvs. despre acest lucru.<\/p>\n<p>\u00centreba\u021bi despre costurile suplimentare pentru serviciile noastre, consultan\u021b\u0103 \u0219i coaching. Pentru mai mult de 30 de analize se aplic\u0103 o reducere progresiv\u0103.<\/p>\n<h2><strong>Roata echipei<\/strong><\/h2>\n<p>Sunte\u021bi curio\u0219i s\u0103 afla\u021bi cum arat\u0103 echipa? Putem vizualiza acest lucru \u00eentr-o a\u0219a-numit\u0103 roat\u0103 a echipei. Acest lucru poate fi realizat prin generarea ro\u021bii echipei &#8222;Team Wheel&#8221;, cum se v\u0103d oamenii pe ei \u00een\u0219i\u0219i, sau a tuturor celor 3 grafice (Cum se vede cineva pe sine \u00eensu\u0219i \/ Cum ac\u021bioneaz\u0103 cineva sub presiune \u0219i \u00een situa\u021bii stresante \/ Cum ac\u021bioneaz\u0103 cineva \u00een \u0219i se adapteaz\u0103 la mediu).<\/p>\n<p>Putem trimite Team Wheel fie \u00een format digital, fie imprimat\u0103 pe p\u00e2nz\u0103, fie pe h\u00e2rtie laminat\u0103. Pentru aceasta, folosim un partener extern.<\/p>\n<p>\u00centreba\u021bi despre pre\u021buri.<\/p>\n<\/div><\/div><\/div><\/div><\/div>\n","protected":false},"excerpt":{"rendered":"","protected":false},"author":1,"featured_media":0,"parent":615,"menu_order":0,"comment_status":"closed","ping_status":"closed","template":"100-width.php","meta":{"footnotes":""},"class_list":["post-1131","page","type-page","status-publish","hentry"],"_links":{"self":[{"href":"https:\/\/datconsultancy.eu\/ro\/wp-json\/wp\/v2\/pages\/1131","targetHints":{"allow":["GET"]}}],"collection":[{"href":"https:\/\/datconsultancy.eu\/ro\/wp-json\/wp\/v2\/pages"}],"about":[{"href":"https:\/\/datconsultancy.eu\/ro\/wp-json\/wp\/v2\/types\/page"}],"author":[{"embeddable":true,"href":"https:\/\/datconsultancy.eu\/ro\/wp-json\/wp\/v2\/users\/1"}],"replies":[{"embeddable":true,"href":"https:\/\/datconsultancy.eu\/ro\/wp-json\/wp\/v2\/comments?post=1131"}],"version-history":[{"count":5,"href":"https:\/\/datconsultancy.eu\/ro\/wp-json\/wp\/v2\/pages\/1131\/revisions"}],"predecessor-version":[{"id":1177,"href":"https:\/\/datconsultancy.eu\/ro\/wp-json\/wp\/v2\/pages\/1131\/revisions\/1177"}],"up":[{"embeddable":true,"href":"https:\/\/datconsultancy.eu\/ro\/wp-json\/wp\/v2\/pages\/615"}],"wp:attachment":[{"href":"https:\/\/datconsultancy.eu\/ro\/wp-json\/wp\/v2\/media?parent=1131"}],"curies":[{"name":"wp","href":"https:\/\/api.w.org\/{rel}","templated":true}]}}