{"id":585,"date":"2023-05-31T15:02:29","date_gmt":"2023-05-31T13:02:29","guid":{"rendered":"https:\/\/datconsultancy.eu\/cine-suntem\/"},"modified":"2024-10-06T11:30:27","modified_gmt":"2024-10-06T09:30:27","slug":"cine-suntem","status":"publish","type":"page","link":"https:\/\/datconsultancy.eu\/ro\/cine-suntem\/","title":{"rendered":"Cine suntem"},"content":{"rendered":"<p><div class=\"fusion-fullwidth fullwidth-box fusion-builder-row-1 fusion-flex-container has-pattern-background has-mask-background nonhundred-percent-fullwidth non-hundred-percent-height-scrolling\" style=\"--awb-border-radius-top-left:0px;--awb-border-radius-top-right:0px;--awb-border-radius-bottom-right:0px;--awb-border-radius-bottom-left:0px;--awb-flex-wrap:wrap;\" ><div class=\"fusion-builder-row fusion-row fusion-flex-align-items-flex-start fusion-flex-content-wrap\" style=\"max-width:1248px;margin-left: calc(-4% \/ 2 );margin-right: calc(-4% \/ 2 );\"><div class=\"fusion-layout-column fusion_builder_column fusion-builder-column-0 fusion_builder_column_2_3 2_3 fusion-flex-column\" style=\"--awb-bg-size:cover;--awb-width-large:66.666666666667%;--awb-margin-top-large:0px;--awb-spacing-right-large:2.88%;--awb-margin-bottom-large:20px;--awb-spacing-left-large:2.88%;--awb-width-medium:66.666666666667%;--awb-order-medium:0;--awb-spacing-right-medium:2.88%;--awb-spacing-left-medium:2.88%;--awb-width-small:100%;--awb-order-small:0;--awb-spacing-right-small:1.92%;--awb-spacing-left-small:1.92%;\" data-scroll-devices=\"small-visibility,medium-visibility,large-visibility\"><div class=\"fusion-column-wrapper fusion-column-has-shadow fusion-flex-justify-content-flex-start fusion-content-layout-column\"><div class=\"fusion-text fusion-text-1\" style=\"--awb-margin-top:-60px;\"><div id=\"dmFirstContainer\" class=\"dmBody u_dmStyle_template_nl\/about\">\n<div id=\"allWrapper\" class=\"allWrapper ui-sortable\">\n<div id=\"dm_content\" class=\"dmContent\">\n<div id=\"1125715846\" class=\"dmDefaultRespTmpl\">\n<div id=\"1841797601\" class=\"innerPageTmplBox dmDefaultPage dmRespRowsWrapper dmRespRowsWrapperSize1\">\n<div id=\"1593594222\" class=\"dmRespRow dmDefaultListContentRow fullBleedChanged fullBleedMode u_1593594222 grid-row ui-resizable\">\n<div id=\"1045410103\" class=\"dmRespColsWrapper\">\n<div id=\"1367825137\" class=\"u_1367825137 small-12 dmRespCol large-5 medium-5 grid-column ui-sortable ui-resizable\">\n<div id=\"1391358516\" class=\"dmNewParagraph u_1391358516 grid-widget inlineEditedElementHighlight dmNowInlineEditing ui-current-element inlineEditedElementAllowSelectText ql-container\" data-dmtmpl=\"true\" data-element-type=\"paragraph\" data-version=\"5\" data-uialign=\"center\" data-styletopreserve=\"{\">\n<div class=\"ql-editor\" contenteditable=\"true\" data-gramm=\"false\">\n<h1>Face\u021bi cuno\u0219tin\u021b\u0103 cu fondatorul DAT<\/h1>\n<\/div>\n<\/div>\n<\/div>\n<\/div>\n<\/div>\n<\/div>\n<\/div>\n<\/div>\n<\/div>\n<\/div>\n<\/div><div class=\"fusion-text fusion-text-2\" style=\"--awb-content-alignment:left;\"><p>Cu mai mult de trei decenii de experien\u021b\u0103 profesional\u0103, m-am al\u0103turat guvernului olandez \u00een 1993, unde m-am specializat \u00een securizarea informa\u021biilor corporative \u0219i \u00een instruirea oamenilor pentru a p\u0103stra aceste informa\u021bii corporative \u00een siguran\u021b\u0103.<br \/>\nPe parcursul acestor ani, am efectuat mai multe misiuni interna\u021bionale, perfec\u021bion\u00e2ndu-mi abilit\u0103\u021bile specifice \u00een securizarea acestor date critice.  \u00cen plus, sunt consultant certificat DISC \u0219i am oferit consiliere \u0219i formare valoroas\u0103 \u00een domeniul comunic\u0103rii executive. Mi-am extins cuno\u0219tin\u021bele prin absolvirea cursurilor de securitate cibernetic\u0103 CISM \u0219i CISSP \u0219i sunt un auditor principal certificat ISO 27001:2022. \u00cemi folosesc expertiza \u00een beneficiul companiilor \u0219i organiza\u021biilor, ca un consilier strategic care face leg\u0103tura \u00eentre siguran\u021b\u0103, leadership \u0219i comunicare eficient\u0103.  <em>Numele meu este Luuk, m\u0103 bucur s\u0103 te cunosc!<\/em><\/p>\n<\/div><\/div><\/div><div class=\"fusion-layout-column fusion_builder_column fusion-builder-column-1 fusion_builder_column_1_3 1_3 fusion-flex-column\" style=\"--awb-bg-size:cover;--awb-width-large:33.333333333333%;--awb-margin-top-large:0px;--awb-spacing-right-large:5.76%;--awb-margin-bottom-large:20px;--awb-spacing-left-large:5.76%;--awb-width-medium:33.333333333333%;--awb-order-medium:0;--awb-spacing-right-medium:5.76%;--awb-spacing-left-medium:5.76%;--awb-width-small:100%;--awb-order-small:0;--awb-spacing-right-small:1.92%;--awb-spacing-left-small:1.92%;\"><div class=\"fusion-column-wrapper fusion-column-has-shadow fusion-flex-justify-content-flex-start fusion-content-layout-column\"><div class=\"fusion-image-element \" style=\"--awb-margin-top:150px;--awb-caption-title-font-family:var(--h2_typography-font-family);--awb-caption-title-font-weight:var(--h2_typography-font-weight);--awb-caption-title-font-style:var(--h2_typography-font-style);--awb-caption-title-size:var(--h2_typography-font-size);--awb-caption-title-transform:var(--h2_typography-text-transform);--awb-caption-title-line-height:var(--h2_typography-line-height);--awb-caption-title-letter-spacing:var(--h2_typography-letter-spacing);\"><span class=\" fusion-imageframe imageframe-none imageframe-1 hover-type-none\"><img decoding=\"async\" width=\"1024\" height=\"691\" title=\"training and development\" src=\"https:\/\/datconsultancy.eu\/wp-content\/uploads\/2023\/05\/training-and-development.jpg\" alt class=\"img-responsive wp-image-499\" srcset=\"https:\/\/datconsultancy.eu\/wp-content\/uploads\/2023\/05\/training-and-development-200x135.jpg 200w, https:\/\/datconsultancy.eu\/wp-content\/uploads\/2023\/05\/training-and-development-400x270.jpg 400w, https:\/\/datconsultancy.eu\/wp-content\/uploads\/2023\/05\/training-and-development-600x405.jpg 600w, https:\/\/datconsultancy.eu\/wp-content\/uploads\/2023\/05\/training-and-development-800x540.jpg 800w, https:\/\/datconsultancy.eu\/wp-content\/uploads\/2023\/05\/training-and-development.jpg 1024w\" sizes=\"(max-width: 640px) 100vw, 400px\" \/><\/span><\/div><\/div><\/div><\/div><\/div><div class=\"fusion-fullwidth fullwidth-box fusion-builder-row-2 fusion-flex-container has-pattern-background has-mask-background nonhundred-percent-fullwidth non-hundred-percent-height-scrolling\" style=\"--awb-border-radius-top-left:0px;--awb-border-radius-top-right:0px;--awb-border-radius-bottom-right:0px;--awb-border-radius-bottom-left:0px;--awb-flex-wrap:wrap;\" ><div class=\"fusion-builder-row fusion-row fusion-flex-align-items-flex-start fusion-flex-content-wrap\" style=\"max-width:1248px;margin-left: calc(-4% \/ 2 );margin-right: calc(-4% \/ 2 );\"><\/div><\/div><\/p>\n","protected":false},"excerpt":{"rendered":"","protected":false},"author":1,"featured_media":0,"parent":0,"menu_order":0,"comment_status":"closed","ping_status":"closed","template":"100-width.php","meta":{"footnotes":""},"class_list":["post-585","page","type-page","status-publish","hentry"],"_links":{"self":[{"href":"https:\/\/datconsultancy.eu\/ro\/wp-json\/wp\/v2\/pages\/585","targetHints":{"allow":["GET"]}}],"collection":[{"href":"https:\/\/datconsultancy.eu\/ro\/wp-json\/wp\/v2\/pages"}],"about":[{"href":"https:\/\/datconsultancy.eu\/ro\/wp-json\/wp\/v2\/types\/page"}],"author":[{"embeddable":true,"href":"https:\/\/datconsultancy.eu\/ro\/wp-json\/wp\/v2\/users\/1"}],"replies":[{"embeddable":true,"href":"https:\/\/datconsultancy.eu\/ro\/wp-json\/wp\/v2\/comments?post=585"}],"version-history":[{"count":5,"href":"https:\/\/datconsultancy.eu\/ro\/wp-json\/wp\/v2\/pages\/585\/revisions"}],"predecessor-version":[{"id":1161,"href":"https:\/\/datconsultancy.eu\/ro\/wp-json\/wp\/v2\/pages\/585\/revisions\/1161"}],"wp:attachment":[{"href":"https:\/\/datconsultancy.eu\/ro\/wp-json\/wp\/v2\/media?parent=585"}],"curies":[{"name":"wp","href":"https:\/\/api.w.org\/{rel}","templated":true}]}}